{"id":489,"date":"2025-01-31T18:07:49","date_gmt":"2025-01-31T18:07:49","guid":{"rendered":"https:\/\/hans1.dailybuild.de\/?page_id=489"},"modified":"2025-01-31T18:14:20","modified_gmt":"2025-01-31T18:14:20","slug":"leistungen","status":"publish","type":"page","link":"https:\/\/hans1.dailybuild.de\/?page_id=489","title":{"rendered":"Leistungen"},"content":{"rendered":"<p>[et_pb_section fb_built=&#8220;1&#8243; admin_label=&#8220;Hero&#8220; _builder_version=&#8220;4.24.3&#8243; _module_preset=&#8220;_module_preset=&#8220; background_image=&#8220;https:\/\/hans1.dailybuild.de\/wp-content\/uploads\/2025\/01\/0-0697371c-530c-4595-8892-9ef21f99ad87-1920&#215;1080.jpg&#8220; custom_padding=&#8220;8vw||12vw||false|false&#8220; bottom_divider_style=&#8220;slant&#8220; bottom_divider_height=&#8220;10vw&#8220; bottom_divider_flip=&#8220;horizontal&#8220; locked=&#8220;off&#8220; collapsed=&#8220;on&#8220; global_colors_info=&#8220;{}&#8220; next_background_color=&#8220;#ffffff&#8220;][et_pb_row column_structure=&#8220;2_3,1_3&#8243; _builder_version=&#8220;4.18.0&#8243; _module_preset=&#8220;5138c454-be54-4233-bd3b-f8e6a8747976&#8243; locked=&#8220;off&#8220; global_colors_info=&#8220;{}&#8220;][et_pb_column type=&#8220;2_3&#8243; _builder_version=&#8220;4.16&#8243; _module_preset=&#8220;73121f80-a3ef-4484-8763-c3f18e3c56d2&#8243; global_colors_info=&#8220;{}&#8220;][et_pb_heading title=&#8220;Entdecken Sie die Kraft der Automatisierten Suchmaschinenwerbung&#8220; _builder_version=&#8220;4.24.2&#8243; _module_preset=&#8220;f0c675ea-2574-4d0e-b725-30f8550a8550&#8243; title_text_color=&#8220;#FFFFFF&#8220; locked=&#8220;off&#8220; global_colors_info=&#8220;{}&#8220;][\/et_pb_heading][et_pb_heading title=&#8220;Mehr Umsatz mit Intelligenter SEA-Optimierung&#8220; _builder_version=&#8220;4.24.2&#8243; _module_preset=&#8220;ddeb8c09-9078-4424-bc15-2efb6572e28e&#8220; title_text_color=&#8220;#FFFFFF&#8220; locked=&#8220;off&#8220; global_colors_info=&#8220;{}&#8220;][\/et_pb_heading][et_pb_text _builder_version=&#8220;4.24.2&#8243; _module_preset=&#8220;0504de1e-f5ff-4281-ba60-cbbe4edf98bc&#8220; locked=&#8220;off&#8220;]<\/p>\n<p>Erleben Sie datengetriebene Strategien, die Ihre Marketingziele \u00fcbertreffen und nachhaltige Erfolge sichern.<\/p>\n<p>[\/et_pb_text][et_pb_button button_text=&#8220;Jetzt Strategiegespr\u00e4ch buchen&#8220; _builder_version=&#8220;4.24.3&#8243; _module_preset=&#8220;ab15fb74-61a3-43aa-96b3-41e09aeef654&#8243; locked=&#8220;off&#8220; global_colors_info=&#8220;{}&#8220;][\/et_pb_button][\/et_pb_column][et_pb_column type=&#8220;1_3&#8243; _builder_version=&#8220;4.16&#8243; _module_preset=&#8220;73121f80-a3ef-4484-8763-c3f18e3c56d2&#8243; global_colors_info=&#8220;{}&#8220;][\/et_pb_column][\/et_pb_row][\/et_pb_section][et_pb_section fb_built=&#8220;1&#8243; admin_label=&#8220;Services&#8220; _builder_version=&#8220;4.23.1&#8243; _module_preset=&#8220;default&#8220; locked=&#8220;off&#8220; collapsed=&#8220;on&#8220; global_colors_info=&#8220;{}&#8220;][et_pb_row _builder_version=&#8220;4.17.6&#8243; _module_preset=&#8220;5138c454-be54-4233-bd3b-f8e6a8747976&#8243; global_colors_info=&#8220;{}&#8220;][et_pb_column type=&#8220;4_4&#8243; _builder_version=&#8220;4.17.3&#8243; _module_preset=&#8220;73121f80-a3ef-4484-8763-c3f18e3c56d2&#8243; global_colors_info=&#8220;{}&#8220;][et_pb_heading title=&#8220;Unsere Leistungen im \u00dcberblick&#8220; _builder_version=&#8220;4.24.2&#8243; _module_preset=&#8220;c33f07d9-41e0-421a-8799-5799df695cce&#8220; locked=&#8220;off&#8220; global_colors_info=&#8220;{}&#8220;][\/et_pb_heading][\/et_pb_column][\/et_pb_row][et_pb_row column_structure=&#8220;1_2,1_2&#8243; _builder_version=&#8220;4.23.1&#8243; _module_preset=&#8220;5138c454-be54-4233-bd3b-f8e6a8747976&#8243; global_colors_info=&#8220;{}&#8220;][et_pb_column type=&#8220;1_2&#8243; _builder_version=&#8220;4.17.3&#8243; _module_preset=&#8220;73121f80-a3ef-4484-8763-c3f18e3c56d2&#8243; global_colors_info=&#8220;{}&#8220;][et_pb_image src=&#8220;https:\/\/hans1.dailybuild.de\/wp-content\/uploads\/2025\/01\/0-1de79008-f55c-4720-a43a-151e0fc7dfb4-800&#215;1080.jpg&#8220; title_text=&#8220;800&#215;1080&#8243; _builder_version=&#8220;4.24.3&#8243; _module_preset=&#8220;6ed8fd5c-62c5-4100-98c3-7b8b6d2c2ee6&#8243; hover_enabled=&#8220;0&#8243; global_colors_info=&#8220;{}&#8220; sticky_enabled=&#8220;0&#8243;][\/et_pb_image][\/et_pb_column][et_pb_column type=&#8220;1_2&#8243; _builder_version=&#8220;4.17.3&#8243; _module_preset=&#8220;73121f80-a3ef-4484-8763-c3f18e3c56d2&#8243; global_colors_info=&#8220;{}&#8220;][et_pb_blurb title=&#8220;SEA &#038; Google Ads Optimierung&#8220; use_icon=&#8220;on&#8220; font_icon=&#8220;&#xe0f2;||divi||400&#8243; _builder_version=&#8220;4.24.3&#8243; _module_preset=&#8220;65059203-12d3-44f6-8371-3f5cf61a0475&#8243; locked=&#8220;off&#8220; global_colors_info=&#8220;{%22gcid-f2943306-fa6c-45f0-b632-5fc00151366a%22:%91%22icon_color%22,%22icon_color%22%93}&#8220;]<\/p>\n<p>Maximieren Sie Ihre Werbeinvestitionen mit ma\u00dfgeschneiderten Kampagnen, die durch KI-gest\u00fctzte Automatisierung optimiert werden. Erreichen Sie Ihre Zielgruppe effizienter und steigern Sie Ihre Rendite.<\/p>\n<p>[\/et_pb_blurb][et_pb_blurb title=&#8220;Smart Bidding &#038; Performance-Optimierung&#8220; use_icon=&#8220;on&#8220; font_icon=&#8220;&#x67;||divi||400&#8243; _builder_version=&#8220;4.24.3&#8243; _module_preset=&#8220;65059203-12d3-44f6-8371-3f5cf61a0475&#8243; locked=&#8220;off&#8220; global_colors_info=&#8220;{%22gcid-f2943306-fa6c-45f0-b632-5fc00151366a%22:%91%22icon_color%22,%22icon_color%22%93}&#8220;]<\/p>\n<p>Nutzen Sie fortschrittliche KI-Technologien, um Ihre Budget- und Gebotsstrategien zu verfeinern. Erh\u00f6hen Sie die Kampagnenleistung durch pr\u00e4zise Datenanalysen und strategische Anpassungen.<\/p>\n<p>[\/et_pb_blurb][et_pb_blurb title=&#8220;Webanalyse &#038; Conversion-Tracking&#8220; use_icon=&#8220;on&#8220; font_icon=&#8220;&#xf200;||fa||900&#8243; _builder_version=&#8220;4.24.3&#8243; _module_preset=&#8220;65059203-12d3-44f6-8371-3f5cf61a0475&#8243; locked=&#8220;off&#8220; global_colors_info=&#8220;{%22gcid-f2943306-fa6c-45f0-b632-5fc00151366a%22:%91%22icon_color%22,%22icon_color%22%93}&#8220;]<\/p>\n<p>Verwandeln Sie Daten in wertvolle Einblicke, um Ihre Online-Performance zu verbessern. Optimieren Sie Ihre Conversions durch gezielte Analyse und Tracking-Methoden.<\/p>\n<p>[\/et_pb_blurb][\/et_pb_column][\/et_pb_row][\/et_pb_section][et_pb_section fb_built=&#8220;1&#8243; admin_label=&#8220;Person Biography&#8220; _builder_version=&#8220;4.24.3&#8243; _module_preset=&#8220;default&#8220; global_colors_info=&#8220;{}&#8220;][et_pb_row column_structure=&#8220;1_3,2_3&#8243; _builder_version=&#8220;4.24.3&#8243; _module_preset=&#8220;default&#8220; global_colors_info=&#8220;{}&#8220;][et_pb_column type=&#8220;1_3&#8243; _builder_version=&#8220;4.24.3&#8243; _module_preset=&#8220;default&#8220; global_colors_info=&#8220;{}&#8220;][et_pb_image src=&#8220;https:\/\/hans1.dailybuild.de\/wp-content\/uploads\/2025\/01\/new-portrait-12-800&#215;800-1-8-800&#215;800.jpg&#8220; title_text=&#8220;new-portrait-12-800&#215;800&#8243; _builder_version=&#8220;4.24.3&#8243; _module_preset=&#8220;1cc6152f-565c-4c4d-b0c9-cf8c9576c341&#8243; hover_enabled=&#8220;0&#8243; global_colors_info=&#8220;{}&#8220; sticky_enabled=&#8220;0&#8243;][\/et_pb_image][\/et_pb_column][et_pb_column type=&#8220;2_3&#8243; _builder_version=&#8220;4.24.3&#8243; _module_preset=&#8220;default&#8220; global_colors_info=&#8220;{}&#8220;][et_pb_heading title=&#8220;Hans-Joachim Hauschild&#8220; _builder_version=&#8220;4.24.3&#8243; _module_preset=&#8220;ba4a6336-701f-47b8-bf5c-09da0ce28016&#8243; global_colors_info=&#8220;{}&#8220;][\/et_pb_heading][et_pb_text _builder_version=&#8220;4.24.3&#8243; _module_preset=&#8220;default&#8220; global_colors_info=&#8220;{}&#8220;]<\/p>\n<p>Mit \u00fcber 20 Jahren Erfahrung im Performance-Marketing ist Hans-Joachim ein anerkannter Experte in der Branche. Als zertifizierter Google Partner hat er zahlreiche erfolgreiche Kampagnen geleitet und Unternehmen geholfen, ihre digitalen Ziele zu erreichen. Seine Leidenschaft f\u00fcr datengetriebene Strategien und Automatisierung macht ihn zu einem unverzichtbaren Partner f\u00fcr nachhaltigen Gesch\u00e4ftserfolg.<\/p>\n<p>[\/et_pb_text][et_pb_blurb title=&#8220;\u201eMehrwerte schaffen\u201c&#8220; use_icon=&#8220;on&#8220; font_icon=&#8220;&#xf338;||fa||900&#8243; icon_color=&#8220;gcid-secondary-color&#8220; module_class=&#8220;ai_ignore_icon&#8220; _builder_version=&#8220;4.24.3&#8243; _module_preset=&#8220;65059203-12d3-44f6-8371-3f5cf61a0475&#8243; global_colors_info=&#8220;{%22gcid-36fd78a7-34bc-404d-873c-dafa34efaae5%22:%91%22image_icon_background_color%22,%22image_icon_background_color%22%93,%22gcid-heading-color%22:%91%22header_text_color%22,%22header_text_color%22%93,%22gcid-body-color%22:%91%22body_text_color%22,%22body_text_color%22%93,%22gcid-primary-color%22:%91%22body_link_text_color%22,%22body_link_text_color%22%93,%22gcid-secondary-color%22:%91%22icon_color%22%93}&#8220;][\/et_pb_blurb][et_pb_button button_text=&#8220;Mehr \u00fcber Hans erfahren&#8220; _builder_version=&#8220;4.24.3&#8243; _module_preset=&#8220;1bffc0fc-42a0-49d1-bd9a-ae3ade2d7206&#8243; global_colors_info=&#8220;{}&#8220;][\/et_pb_button][\/et_pb_column][\/et_pb_row][\/et_pb_section][et_pb_section fb_built=&#8220;1&#8243; admin_label=&#8220;Testimonials&#8220; _builder_version=&#8220;4.17.6&#8243; _module_preset=&#8220;default&#8220; locked=&#8220;off&#8220; collapsed=&#8220;on&#8220; global_colors_info=&#8220;{}&#8220;][et_pb_row _builder_version=&#8220;4.17.6&#8243; _module_preset=&#8220;5138c454-be54-4233-bd3b-f8e6a8747976&#8243; global_colors_info=&#8220;{}&#8220;][et_pb_column type=&#8220;4_4&#8243; _builder_version=&#8220;4.16&#8243; _module_preset=&#8220;73121f80-a3ef-4484-8763-c3f18e3c56d2&#8243; global_colors_info=&#8220;{}&#8220;][et_pb_heading title=&#8220;Kundenstimmen&#8220; _builder_version=&#8220;4.24.3&#8243; _module_preset=&#8220;c33f07d9-41e0-421a-8799-5799df695cce&#8220; locked=&#8220;off&#8220; global_colors_info=&#8220;{}&#8220;][\/et_pb_heading][\/et_pb_column][\/et_pb_row][et_pb_row column_structure=&#8220;1_3,1_3,1_3&#8243; _builder_version=&#8220;4.17.6&#8243; _module_preset=&#8220;5138c454-be54-4233-bd3b-f8e6a8747976&#8243; global_colors_info=&#8220;{}&#8220;][et_pb_column type=&#8220;1_3&#8243; _builder_version=&#8220;4.17.6&#8243; _module_preset=&#8220;73121f80-a3ef-4484-8763-c3f18e3c56d2&#8243; global_colors_info=&#8220;{}&#8220;][et_pb_icon font_icon=&#8220;&#xf10d;||fa||900&#8243; icon_color=&#8220;gcid-secondary-color&#8220; module_class=&#8220;ai_ignore_font_icon&#8220; _builder_version=&#8220;4.24.3&#8243; _module_preset=&#8220;e1bb7f25-3cb3-46ff-8d8e-70235688eba8&#8243; locked=&#8220;off&#8220; global_colors_info=&#8220;{%22gcid-secondary-color%22:%91%22icon_color%22%93,%22gcid-f2943306-fa6c-45f0-b632-5fc00151366a%22:%91%22icon_color%22%93}&#8220;][\/et_pb_icon][et_pb_text _builder_version=&#8220;4.24.3&#8243; _module_preset=&#8220;2c55a9c4-feed-423b-9edb-ae0b5b365cac&#8220; locked=&#8220;off&#8220; global_colors_info=&#8220;{}&#8220;]&#8220;Dank Hans-Joachims Expertise in SEA-Optimierung konnten wir unseren Umsatz um 30% steigern. Seine datengetriebenen Strategien sind unschlagbar!&#8220; \u2013 Maria L., E-Commerce-Unternehmerin[\/et_pb_text][\/et_pb_column][et_pb_column type=&#8220;1_3&#8243; _builder_version=&#8220;4.16&#8243; _module_preset=&#8220;73121f80-a3ef-4484-8763-c3f18e3c56d2&#8243; global_colors_info=&#8220;{}&#8220;][et_pb_icon font_icon=&#8220;&#xf10d;||fa||900&#8243; icon_color=&#8220;gcid-secondary-color&#8220; module_class=&#8220;ai_ignore_font_icon&#8220; _builder_version=&#8220;4.24.3&#8243; _module_preset=&#8220;e1bb7f25-3cb3-46ff-8d8e-70235688eba8&#8243; locked=&#8220;off&#8220; global_colors_info=&#8220;{%22gcid-secondary-color%22:%91%22icon_color%22%93,%22gcid-f2943306-fa6c-45f0-b632-5fc00151366a%22:%91%22icon_color%22%93}&#8220;][\/et_pb_icon][et_pb_text _builder_version=&#8220;4.24.3&#8243; _module_preset=&#8220;2c55a9c4-feed-423b-9edb-ae0b5b365cac&#8220; locked=&#8220;off&#8220; global_colors_info=&#8220;{}&#8220;]&#8220;Die Zusammenarbeit mit Hans-Joachim hat unsere Performance-Marketing-Strategie revolutioniert. Wir sehen kontinuierlich bessere Ergebnisse und eine h\u00f6here Conversion-Rate.&#8220; \u2013 Thomas K., Marketing-Leiter[\/et_pb_text][\/et_pb_column][et_pb_column type=&#8220;1_3&#8243; _builder_version=&#8220;4.16&#8243; _module_preset=&#8220;73121f80-a3ef-4484-8763-c3f18e3c56d2&#8243; global_colors_info=&#8220;{}&#8220;][et_pb_icon font_icon=&#8220;&#xf10d;||fa||900&#8243; icon_color=&#8220;gcid-secondary-color&#8220; module_class=&#8220;ai_ignore_font_icon&#8220; _builder_version=&#8220;4.24.3&#8243; _module_preset=&#8220;e1bb7f25-3cb3-46ff-8d8e-70235688eba8&#8243; locked=&#8220;off&#8220; global_colors_info=&#8220;{%22gcid-secondary-color%22:%91%22icon_color%22%93,%22gcid-f2943306-fa6c-45f0-b632-5fc00151366a%22:%91%22icon_color%22%93}&#8220;][\/et_pb_icon][et_pb_text _builder_version=&#8220;4.24.3&#8243; _module_preset=&#8220;2c55a9c4-feed-423b-9edb-ae0b5b365cac&#8220; locked=&#8220;off&#8220; global_colors_info=&#8220;{}&#8220;]&#8220;Hans-Joachim hat uns geholfen, unsere Google Ads-Kampagnen zu optimieren und unser Budget effizienter zu nutzen. Die Ergebnisse sprechen f\u00fcr sich!&#8220; \u2013 Sabine M., Gesch\u00e4ftsf\u00fchrerin[\/et_pb_text][\/et_pb_column][\/et_pb_row][\/et_pb_section][et_pb_section fb_built=&#8220;1&#8243; admin_label=&#8220;Appointment Booking&#8220; _builder_version=&#8220;4.24.3&#8243; _module_preset=&#8220;default&#8220; background_color=&#8220;gcid-primary-color&#8220; locked=&#8220;off&#8220; collapsed=&#8220;on&#8220; global_colors_info=&#8220;{%22gcid-primary-color%22:%91%22background_color%22%93}&#8220;][et_pb_row _builder_version=&#8220;4.24.3&#8243; _module_preset=&#8220;c9cfaba2-2263-4f35-8227-8d16ca8bd1cc&#8220; border_radii_tablet=&#8220;on|30px|30px|30px|30px&#8220; border_radii_phone=&#8220;on|20px|20px|20px|20px&#8220; border_radii_last_edited=&#8220;off|desktop&#8220; global_colors_info=&#8220;{}&#8220;][et_pb_column type=&#8220;4_4&#8243; _builder_version=&#8220;4.16&#8243; _module_preset=&#8220;73121f80-a3ef-4484-8763-c3f18e3c56d2&#8243; global_colors_info=&#8220;{}&#8220;][et_pb_heading title=&#8220;Terminvereinbarung&#8220; _builder_version=&#8220;4.24.3&#8243; _module_preset=&#8220;c33f07d9-41e0-421a-8799-5799df695cce&#8220; title_text_align=&#8220;center&#8220; locked=&#8220;off&#8220; global_colors_info=&#8220;{}&#8220;][\/et_pb_heading][et_pb_text _builder_version=&#8220;4.24.3&#8243; _module_preset=&#8220;2c55a9c4-feed-423b-9edb-ae0b5b365cac&#8220; text_orientation=&#8220;center&#8220; module_alignment=&#8220;center&#8220; locked=&#8220;off&#8220; global_colors_info=&#8220;{}&#8220;]<\/p>\n<p>Interessiert an einer Zusammenarbeit? Buchen Sie jetzt ein unverbindliches Strategiegespr\u00e4ch mit Hans-Joachim und entdecken Sie, wie wir Ihre Online-Pr\u00e4senz optimieren k\u00f6nnen.<\/p>\n<p>[\/et_pb_text][et_pb_contact_form captcha=&#8220;off&#8220; _builder_version=&#8220;4.24.3&#8243; _module_preset=&#8220;347de7c5-8eec-4fb2-89ad-e07c220a4ead&#8220; _unique_id=&#8220;ceddc97d-3019-4508-a1f2-667b6f23809b&#8220; locked=&#8220;off&#8220; global_colors_info=&#8220;{}&#8220;][et_pb_contact_field field_id=&#8220;Name&#8220; field_title=&#8220;Name&#8220; _builder_version=&#8220;4.16&#8243; _module_preset=&#8220;default&#8220; global_colors_info=&#8220;{}&#8220; button_text_size__hover_enabled=&#8220;off&#8220; button_one_text_size__hover_enabled=&#8220;off&#8220; button_two_text_size__hover_enabled=&#8220;off&#8220; button_text_color__hover_enabled=&#8220;off&#8220; button_one_text_color__hover_enabled=&#8220;off&#8220; button_two_text_color__hover_enabled=&#8220;off&#8220; button_border_width__hover_enabled=&#8220;off&#8220; button_one_border_width__hover_enabled=&#8220;off&#8220; button_two_border_width__hover_enabled=&#8220;off&#8220; button_border_color__hover_enabled=&#8220;off&#8220; button_one_border_color__hover_enabled=&#8220;off&#8220; button_two_border_color__hover_enabled=&#8220;off&#8220; button_border_radius__hover_enabled=&#8220;off&#8220; button_one_border_radius__hover_enabled=&#8220;off&#8220; button_two_border_radius__hover_enabled=&#8220;off&#8220; button_letter_spacing__hover_enabled=&#8220;off&#8220; button_one_letter_spacing__hover_enabled=&#8220;off&#8220; button_two_letter_spacing__hover_enabled=&#8220;off&#8220; button_bg_color__hover_enabled=&#8220;off&#8220; button_one_bg_color__hover_enabled=&#8220;off&#8220; button_two_bg_color__hover_enabled=&#8220;off&#8220;][\/et_pb_contact_field][et_pb_contact_field field_id=&#8220;Email&#8220; field_title=&#8220;Email Address&#8220; field_type=&#8220;email&#8220; _builder_version=&#8220;4.16&#8243; _module_preset=&#8220;default&#8220; global_colors_info=&#8220;{}&#8220; button_text_size__hover_enabled=&#8220;off&#8220; button_one_text_size__hover_enabled=&#8220;off&#8220; button_two_text_size__hover_enabled=&#8220;off&#8220; button_text_color__hover_enabled=&#8220;off&#8220; button_one_text_color__hover_enabled=&#8220;off&#8220; button_two_text_color__hover_enabled=&#8220;off&#8220; button_border_width__hover_enabled=&#8220;off&#8220; button_one_border_width__hover_enabled=&#8220;off&#8220; button_two_border_width__hover_enabled=&#8220;off&#8220; button_border_color__hover_enabled=&#8220;off&#8220; button_one_border_color__hover_enabled=&#8220;off&#8220; button_two_border_color__hover_enabled=&#8220;off&#8220; button_border_radius__hover_enabled=&#8220;off&#8220; button_one_border_radius__hover_enabled=&#8220;off&#8220; button_two_border_radius__hover_enabled=&#8220;off&#8220; button_letter_spacing__hover_enabled=&#8220;off&#8220; button_one_letter_spacing__hover_enabled=&#8220;off&#8220; button_two_letter_spacing__hover_enabled=&#8220;off&#8220; button_bg_color__hover_enabled=&#8220;off&#8220; button_one_bg_color__hover_enabled=&#8220;off&#8220; button_two_bg_color__hover_enabled=&#8220;off&#8220;][\/et_pb_contact_field][et_pb_contact_field field_id=&#8220;Message&#8220; field_title=&#8220;Message&#8220; field_type=&#8220;text&#8220; fullwidth_field=&#8220;on&#8220; _builder_version=&#8220;4.16&#8243; _module_preset=&#8220;default&#8220; global_colors_info=&#8220;{}&#8220; button_text_size__hover_enabled=&#8220;off&#8220; button_one_text_size__hover_enabled=&#8220;off&#8220; button_two_text_size__hover_enabled=&#8220;off&#8220; button_text_color__hover_enabled=&#8220;off&#8220; button_one_text_color__hover_enabled=&#8220;off&#8220; button_two_text_color__hover_enabled=&#8220;off&#8220; button_border_width__hover_enabled=&#8220;off&#8220; button_one_border_width__hover_enabled=&#8220;off&#8220; button_two_border_width__hover_enabled=&#8220;off&#8220; button_border_color__hover_enabled=&#8220;off&#8220; button_one_border_color__hover_enabled=&#8220;off&#8220; button_two_border_color__hover_enabled=&#8220;off&#8220; button_border_radius__hover_enabled=&#8220;off&#8220; button_one_border_radius__hover_enabled=&#8220;off&#8220; button_two_border_radius__hover_enabled=&#8220;off&#8220; button_letter_spacing__hover_enabled=&#8220;off&#8220; button_one_letter_spacing__hover_enabled=&#8220;off&#8220; button_two_letter_spacing__hover_enabled=&#8220;off&#8220; button_bg_color__hover_enabled=&#8220;off&#8220; button_one_bg_color__hover_enabled=&#8220;off&#8220; button_two_bg_color__hover_enabled=&#8220;off&#8220;][\/et_pb_contact_field][\/et_pb_contact_form][\/et_pb_column][\/et_pb_row][\/et_pb_section][et_pb_section fb_built=&#8220;1&#8243; admin_label=&#8220;Call to Action&#8220; _builder_version=&#8220;4.24.2&#8243; _module_preset=&#8220;default&#8220; background_color=&#8220;gcid-secondary-color&#8220; locked=&#8220;off&#8220; collapsed=&#8220;on&#8220; global_colors_info=&#8220;{%22gcid-secondary-color%22:%91%22background_color%22%93}&#8220;][et_pb_row _builder_version=&#8220;4.23&#8243; _module_preset=&#8220;5138c454-be54-4233-bd3b-f8e6a8747976&#8243; global_colors_info=&#8220;{}&#8220;][et_pb_column type=&#8220;4_4&#8243; _builder_version=&#8220;4.16&#8243; _module_preset=&#8220;73121f80-a3ef-4484-8763-c3f18e3c56d2&#8243; global_colors_info=&#8220;{}&#8220;][et_pb_cta title=&#8220;Jetzt Handeln&#8220; button_url=&#8220;#&#8220; button_text=&#8220;Strategiegespr\u00e4ch buchen&#8220; _builder_version=&#8220;4.24.3&#8243; _module_preset=&#8220;0cae81ab-7223-4b50-8e71-bfb309c58c86&#8243; body_link_font=&#8220;||||||||&#8220; background_enable_color=&#8220;off&#8220; use_background_color=&#8220;off&#8220; locked=&#8220;off&#8220; global_colors_info=&#8220;{%22gcid-f2943306-fa6c-45f0-b632-5fc00151366a%22:%91%22button_text_color%22%93,%22gcid-36fd78a7-34bc-404d-873c-dafa34efaae5%22:%91%22button_text_color%22%93}&#8220; text_font_size_tablet=&#8220;16px&#8220; text_font_size_phone=&#8220;14px&#8220; text_font_size_last_edited=&#8220;on|phone&#8220;]<\/p>\n<p>Nutzen Sie die Gelegenheit, Ihre Marketingstrategie auf das n\u00e4chste Level zu heben. Kontaktieren Sie uns noch heute, um ein pers\u00f6nliches Gespr\u00e4ch mit Hans-Joachim zu vereinbaren und von seiner langj\u00e4hrigen Erfahrung zu profitieren.<\/p>\n<p>[\/et_pb_cta][\/et_pb_column][\/et_pb_row][\/et_pb_section]<\/p>\n","protected":false},"excerpt":{"rendered":"<p>Erleben Sie datengetriebene Strategien, die Ihre Marketingziele \u00fcbertreffen und nachhaltige Erfolge sichern.Maximieren Sie Ihre Werbeinvestitionen mit ma\u00dfgeschneiderten Kampagnen, die durch KI-gest\u00fctzte Automatisierung optimiert werden. Erreichen Sie Ihre Zielgruppe effizienter und steigern Sie Ihre Rendite.Nutzen Sie fortschrittliche KI-Technologien, um Ihre Budget- und Gebotsstrategien zu verfeinern. Erh\u00f6hen Sie die Kampagnenleistung durch pr\u00e4zise Datenanalysen und strategische Anpassungen.Verwandeln Sie [&hellip;]<\/p>\n","protected":false},"author":1,"featured_media":0,"parent":0,"menu_order":0,"comment_status":"closed","ping_status":"closed","template":"","meta":{"_et_pb_use_builder":"on","_et_pb_old_content":"","_et_gb_content_width":"","footnotes":""},"class_list":["post-489","page","type-page","status-publish","hentry"],"_links":{"self":[{"href":"https:\/\/hans1.dailybuild.de\/index.php?rest_route=\/wp\/v2\/pages\/489","targetHints":{"allow":["GET"]}}],"collection":[{"href":"https:\/\/hans1.dailybuild.de\/index.php?rest_route=\/wp\/v2\/pages"}],"about":[{"href":"https:\/\/hans1.dailybuild.de\/index.php?rest_route=\/wp\/v2\/types\/page"}],"author":[{"embeddable":true,"href":"https:\/\/hans1.dailybuild.de\/index.php?rest_route=\/wp\/v2\/users\/1"}],"replies":[{"embeddable":true,"href":"https:\/\/hans1.dailybuild.de\/index.php?rest_route=%2Fwp%2Fv2%2Fcomments&post=489"}],"version-history":[{"count":2,"href":"https:\/\/hans1.dailybuild.de\/index.php?rest_route=\/wp\/v2\/pages\/489\/revisions"}],"predecessor-version":[{"id":574,"href":"https:\/\/hans1.dailybuild.de\/index.php?rest_route=\/wp\/v2\/pages\/489\/revisions\/574"}],"wp:attachment":[{"href":"https:\/\/hans1.dailybuild.de\/index.php?rest_route=%2Fwp%2Fv2%2Fmedia&parent=489"}],"curies":[{"name":"wp","href":"https:\/\/api.w.org\/{rel}","templated":true}]}}